{"id":17254,"date":"2019-07-22T12:41:09","date_gmt":"2019-07-22T10:41:09","guid":{"rendered":"https:\/\/vsmont.sk\/?page_id=17254"},"modified":"2025-07-17T13:38:12","modified_gmt":"2025-07-17T11:38:12","slug":"o-nas","status":"publish","type":"page","link":"https:\/\/vsmont.sk\/cs\/o-nas\/","title":{"rendered":"O n\u00e1s"},"content":{"rendered":"<div class=\"wpb-content-wrapper\"><p>[vc_row css_animation=&#8220;&#8220; row_type=&#8220;row&#8220; use_row_as_full_screen_section=&#8220;no&#8220; type=&#8220;full_width&#8220; angled_section=&#8220;no&#8220; text_align=&#8220;left&#8220; background_image_as_pattern=&#8220;without_pattern&#8220;][vc_column width=&#8220;1\/4&#8243; offset=&#8220;vc_hidden-md vc_hidden-sm vc_hidden-xs&#8220;][vc_empty_space height=&#8220;150px&#8220;][\/vc_column][vc_column width=&#8220;1\/4&#8243; offset=&#8220;vc_hidden-lg vc_hidden-sm vc_hidden-xs&#8220;][vc_empty_space height=&#8220;100px&#8220;][\/vc_column][vc_column width=&#8220;1\/4&#8243; offset=&#8220;vc_hidden-lg vc_hidden-md vc_hidden-xs&#8220;][vc_empty_space height=&#8220;100px&#8220;][\/vc_column][vc_column width=&#8220;1\/4&#8243; offset=&#8220;vc_hidden-lg vc_hidden-md vc_hidden-sm&#8220;][vc_empty_space height=&#8220;50px&#8220;][\/vc_column][\/vc_row][vc_row css_animation=&#8220;&#8220; row_type=&#8220;row&#8220; use_row_as_full_screen_section=&#8220;no&#8220; type=&#8220;full_width&#8220; angled_section=&#8220;no&#8220; text_align=&#8220;left&#8220; background_image_as_pattern=&#8220;without_pattern&#8220;][vc_column][vc_row_inner row_type=&#8220;row&#8220; type=&#8220;grid&#8220; text_align=&#8220;left&#8220; css_animation=&#8220;&#8220;][vc_column_inner width=&#8220;1\/4&#8243;][vc_empty_space height=&#8220;60&#8243;][vc_column_text]<\/p>\n<h3>Za\u010d\u00e1tky<\/h3>\n<p>&nbsp;<\/p>\n<p>Spole\u010dnost VS-MONT byla zalo\u017eena v roce 1993 jako mal\u00e1 d\u00edlna, ze kter\u00e9 se postupem \u010dasu stal p\u0159edn\u00ed evropsk\u00fd v\u00fdrobce. Technick\u00e1 zdatnost, inovativn\u00ed know-how, velk\u00e9 mno\u017estv\u00ed patent\u016f a prvot\u0159\u00eddn\u00ed pracovn\u00edci z n\u00e1s v posledn\u00edch letech ud\u011blali to, co dnes jsme: p\u0159edn\u00ed v\u00fdrobce skl\u00e1p\u011bc\u00edch n\u00e1staveb, p\u0159\u00edv\u011bs\u016f a n\u00e1v\u011bs\u016f.[\/vc_column_text][vc_empty_space height=&#8220;60&#8243;][\/vc_column_inner][vc_column_inner width=&#8220;3\/4&#8243;][vc_video link=&#8220;https:\/\/www.youtube.com\/watch?v=irciky3B4Zo&#8220; css_animation=&#8220;none&#8220;][\/vc_column_inner][\/vc_row_inner][\/vc_column][\/vc_row][vc_row css_animation=&#8220;&#8220; row_type=&#8220;row&#8220; use_row_as_full_screen_section=&#8220;no&#8220; type=&#8220;full_width&#8220; angled_section=&#8220;no&#8220; text_align=&#8220;left&#8220; background_image_as_pattern=&#8220;without_pattern&#8220;][vc_column width=&#8220;1\/4&#8243; offset=&#8220;vc_hidden-md vc_hidden-sm vc_hidden-xs&#8220;][vc_empty_space height=&#8220;150px&#8220;][\/vc_column][vc_column width=&#8220;1\/4&#8243; offset=&#8220;vc_hidden-lg vc_hidden-sm vc_hidden-xs&#8220;][vc_empty_space height=&#8220;100px&#8220;][\/vc_column][vc_column width=&#8220;1\/4&#8243; offset=&#8220;vc_hidden-lg vc_hidden-md vc_hidden-xs&#8220;][vc_empty_space height=&#8220;100px&#8220;][\/vc_column][vc_column width=&#8220;1\/4&#8243; offset=&#8220;vc_hidden-lg vc_hidden-md vc_hidden-sm&#8220;][vc_empty_space height=&#8220;50px&#8220;][\/vc_column][\/vc_row][vc_row css_animation=&#8220;&#8220; row_type=&#8220;row&#8220; use_row_as_full_screen_section=&#8220;no&#8220; type=&#8220;full_width&#8220; angled_section=&#8220;no&#8220; text_align=&#8220;left&#8220; background_image_as_pattern=&#8220;without_pattern&#8220;][vc_column][vc_row_inner row_type=&#8220;row&#8220; type=&#8220;grid&#8220; text_align=&#8220;left&#8220; css_animation=&#8220;&#8220;][vc_column_inner width=&#8220;2\/3&#8243;][vc_gallery interval=&#8220;3&#8243; images=&#8220;40207,26337&#8243; img_size=&#8220;920&#215;620&#8243; css=&#8220;&#8220;][\/vc_column_inner][vc_column_inner width=&#8220;1\/3&#8243;][vc_empty_space height=&#8220;60&#8243;][vc_column_text]<\/p>\n<h3>Evropsk\u00e1 p\u0159\u00edtomnost<\/h3>\n<p>&nbsp;<\/p>\n<p>Spole\u010dnost, kter\u00e1 dominuje na tuzemsk\u00e9m trhu a v dal\u0161\u00edch evropsk\u00fdch st\u00e1tech. V d\u016fsledku na\u0161\u00ed p\u0159\u00edtomnosti v 14-ti evropsk\u00fdch zem\u00edch m\u016f\u017eeme na\u0161im z\u00e1kazn\u00edk\u016fm v\u017edy garantovat vysokou kvalitu produkt\u016f spolu s prvot\u0159\u00eddn\u00edm servisem. Tento jedine\u010dn\u00fd \u00fasp\u011bch spole\u010dnosti VS MONT by byl nemysliteln\u00fd bez ne\u00fanavn\u00e9ho nasazen\u00ed a odbornosti na\u0161ich spolupracovn\u00edk\u016f. Jejich technick\u00e9 a v\u00fdrobn\u00ed zku\u0161enosti \u010din\u00ed ka\u017ed\u00fd produkt pro VS-MONT nezam\u011bniteln\u00fdm a v\u00fdjime\u010dn\u00fdm.[\/vc_column_text][\/vc_column_inner][\/vc_row_inner][\/vc_column][\/vc_row][vc_row css_animation=&#8220;&#8220; row_type=&#8220;row&#8220; use_row_as_full_screen_section=&#8220;no&#8220; type=&#8220;full_width&#8220; angled_section=&#8220;no&#8220; text_align=&#8220;left&#8220; background_image_as_pattern=&#8220;without_pattern&#8220;][vc_column width=&#8220;1\/4&#8243; offset=&#8220;vc_hidden-md vc_hidden-sm vc_hidden-xs&#8220;][vc_empty_space height=&#8220;150px&#8220;][\/vc_column][vc_column width=&#8220;1\/4&#8243; offset=&#8220;vc_hidden-lg vc_hidden-sm vc_hidden-xs&#8220;][vc_empty_space height=&#8220;100px&#8220;][\/vc_column][vc_column width=&#8220;1\/4&#8243; offset=&#8220;vc_hidden-lg vc_hidden-md vc_hidden-xs&#8220;][vc_empty_space height=&#8220;100px&#8220;][\/vc_column][vc_column width=&#8220;1\/4&#8243; offset=&#8220;vc_hidden-lg vc_hidden-md vc_hidden-sm&#8220;][vc_empty_space height=&#8220;50px&#8220;][\/vc_column][\/vc_row][vc_row css_animation=&#8220;&#8220; row_type=&#8220;row&#8220; use_row_as_full_screen_section=&#8220;no&#8220; type=&#8220;full_width&#8220; angled_section=&#8220;no&#8220; text_align=&#8220;left&#8220; background_image_as_pattern=&#8220;without_pattern&#8220;][vc_column][vc_row_inner row_type=&#8220;row&#8220; type=&#8220;grid&#8220; text_align=&#8220;left&#8220; css_animation=&#8220;&#8220;][vc_column_inner width=&#8220;1\/4&#8243;][vc_empty_space height=&#8220;60&#8243;][vc_column_text]<\/p>\n<h3>\u0160irok\u00e9 portfolio slu\u017eeb<\/h3>\n<p>&nbsp;<\/p>\n<p>Portfolio na\u0161ich slu\u017eeb neust\u00e1le p\u0159izp\u016fsobujeme pot\u0159eb\u00e1m na\u0161ich z\u00e1kazn\u00edk\u016f, proto\u017ee uspokojov\u00e1n\u00ed jejich pot\u0159eb na nejvy\u0161\u0161\u00ed \u00farovni je na\u0161\u00edm prioritn\u00edm c\u00edlem. Proto pova\u017eujeme za samoz\u0159ejmost nab\u00edzet na\u0161im klient\u016fm tu nejlep\u0161\u00ed kvalitu, zpracov\u00e1n\u00ed na\u0161ich produkt\u016f. Disponujeme nejnov\u011bj\u0161\u00edmi technologiemi jako jsou robotizovan\u00e9 linky atd., Kter\u00e9 jsou nakonfigurov\u00e1ny pro v\u00fdrobu skl\u00e1p\u011bc\u00edch n\u00e1staveb, p\u0159\u00edv\u011bs\u016f, n\u00e1v\u011bs\u016f.[\/vc_column_text][vc_empty_space height=&#8220;60&#8243;][\/vc_column_inner][vc_column_inner width=&#8220;3\/4&#8243;][vc_gallery interval=&#8220;3&#8243; images=&#8220;26342,26228&#8243; img_size=&#8220;920&#215;620&#8243;][\/vc_column_inner][\/vc_row_inner][\/vc_column][\/vc_row][vc_row css_animation=&#8220;&#8220; row_type=&#8220;row&#8220; use_row_as_full_screen_section=&#8220;no&#8220; type=&#8220;full_width&#8220; angled_section=&#8220;no&#8220; text_align=&#8220;left&#8220; background_image_as_pattern=&#8220;without_pattern&#8220;][vc_column width=&#8220;1\/4&#8243; offset=&#8220;vc_hidden-md vc_hidden-sm vc_hidden-xs&#8220;][vc_empty_space height=&#8220;150px&#8220;][\/vc_column][vc_column width=&#8220;1\/4&#8243; offset=&#8220;vc_hidden-lg vc_hidden-sm vc_hidden-xs&#8220;][vc_empty_space height=&#8220;100px&#8220;][\/vc_column][vc_column width=&#8220;1\/4&#8243; offset=&#8220;vc_hidden-lg vc_hidden-md vc_hidden-xs&#8220;][vc_empty_space height=&#8220;100px&#8220;][\/vc_column][vc_column width=&#8220;1\/4&#8243; offset=&#8220;vc_hidden-lg vc_hidden-md vc_hidden-sm&#8220;][vc_empty_space height=&#8220;50px&#8220;][\/vc_column][\/vc_row][vc_row css_animation=&#8220;&#8220; row_type=&#8220;row&#8220; use_row_as_full_screen_section=&#8220;no&#8220; type=&#8220;full_width&#8220; angled_section=&#8220;no&#8220; text_align=&#8220;left&#8220; background_image_as_pattern=&#8220;without_pattern&#8220;][vc_column][vc_row_inner row_type=&#8220;row&#8220; type=&#8220;grid&#8220; text_align=&#8220;left&#8220; css_animation=&#8220;&#8220;][vc_column_inner width=&#8220;2\/3&#8243;][vc_gallery interval=&#8220;3&#8243; images=&#8220;20555,20560,20565&#8243; img_size=&#8220;920&#215;620&#8243;][\/vc_column_inner][vc_column_inner width=&#8220;1\/3&#8243;][vc_empty_space height=&#8220;60&#8243;][vc_column_text]<\/p>\n<h3>P\u0159ehled na\u0161ich slu\u017eeb<\/h3>\n<p>&nbsp;<\/p>\n<ul>\n<li>V\u00fdroba skl\u00e1p\u011bc\u00edch n\u00e1staveb pro v\u0161echny typy vozidel<\/li>\n<li>V\u00fdroba p\u0159\u00edv\u011bs\u016f a n\u00e1v\u011bs\u016f speci\u00e1ln\u00edch<\/li>\n<li>Odborn\u00e9 poradenstv\u00ed<\/li>\n<li>Prodej n\u00e1hradn\u00edch d\u00edl\u016f v z\u00e1vod\u011b a st\u0159edisc\u00edch na\u0161ich partner\u016f.<\/li>\n<\/ul>\n<p>&nbsp;<\/p>\n<p>&nbsp;<\/p>\n<p>Va\u0161\u00ed obchodn\u00ed strategi\u00ed je nav\u00e1z\u00e1n\u00ed dlouhodob\u00e9ho partnersk\u00e9ho vztahu s na\u0161imi z\u00e1kazn\u00edky, kter\u00fd je zalo\u017een na kvalit\u011b, flexibilit\u011b, d\u016fv\u011b\u0159e, dostupnosti a spolehlivosti. Investic\u00edm spojen\u00fdm s touto strategi\u00ed d\u00e1v\u00e1me p\u0159ednost p\u0159ed rychl\u00fdm profitem a je pro n\u00e1s pot\u011b\u0161en\u00edm, \u017ee postupn\u011b p\u0159ib\u00fdvaj\u00ed z\u00e1kazn\u00edci, kte\u0159\u00ed sv\u00e9 investice zva\u017euj\u00ed podle t\u011bchto atribut\u016f. Na\u0161e stabiln\u00ed pozice na slovensk\u00e9m trhu n\u00e1m d\u00e1v\u00e1 za pravdu, \u017ee jsme se vydali spr\u00e1vnou cestou.[\/vc_column_text][\/vc_column_inner][\/vc_row_inner][\/vc_column][\/vc_row][vc_row css_animation=&#8220;&#8220; row_type=&#8220;row&#8220; use_row_as_full_screen_section=&#8220;no&#8220; type=&#8220;full_width&#8220; angled_section=&#8220;no&#8220; text_align=&#8220;left&#8220; background_image_as_pattern=&#8220;without_pattern&#8220;][vc_column width=&#8220;1\/4&#8243; offset=&#8220;vc_hidden-md vc_hidden-sm vc_hidden-xs&#8220;][vc_empty_space height=&#8220;150px&#8220;][\/vc_column][vc_column width=&#8220;1\/4&#8243; offset=&#8220;vc_hidden-lg vc_hidden-sm vc_hidden-xs&#8220;][vc_empty_space height=&#8220;100px&#8220;][\/vc_column][vc_column width=&#8220;1\/4&#8243; offset=&#8220;vc_hidden-lg vc_hidden-md vc_hidden-xs&#8220;][vc_empty_space height=&#8220;100px&#8220;][\/vc_column][vc_column width=&#8220;1\/4&#8243; offset=&#8220;vc_hidden-lg vc_hidden-md vc_hidden-sm&#8220;][vc_empty_space height=&#8220;50px&#8220;][\/vc_column][\/vc_row][vc_row css_animation=&#8220;&#8220; row_type=&#8220;row&#8220; use_row_as_full_screen_section=&#8220;no&#8220; type=&#8220;full_width&#8220; angled_section=&#8220;no&#8220; text_align=&#8220;left&#8220; background_image_as_pattern=&#8220;without_pattern&#8220;][vc_column][vc_row_inner row_type=&#8220;row&#8220; type=&#8220;grid&#8220; text_align=&#8220;left&#8220; css_animation=&#8220;&#8220;][vc_column_inner width=&#8220;1\/4&#8243;][vc_empty_space height=&#8220;60&#8243;][vc_column_text]<\/p>\n<h3>V\u00fdvoj, konstrukce, podpora<\/h3>\n<p>&nbsp;<\/p>\n<p>Ve srovn\u00e1n\u00ed s na\u0161\u00ed konkurenc\u00ed (kter\u00fdmi jsou hlavn\u011b velc\u00ed evrop\u0161t\u00ed v\u00fdrobci n\u00e1staveb) nab\u00edz\u00edme dlouhodobou seri\u00f3zn\u00ed spolupr\u00e1ci, flexibilitu a ochotu p\u0159i v\u00fdvoji nov\u00fdch produkt\u016f nebo \u0159e\u0161en\u00ed speci\u00e1ln\u00edch po\u017eadavk\u016f z\u00e1kazn\u00edk\u016f..<\/p>\n<p>Na\u0161e konstrukce a v\u00fdvojov\u00e9 pracovi\u0161t\u011b jsou vybaveny nejmodern\u011bj\u0161\u00edmi 3D CAD pracovi\u0161ti, v\u010detn\u011b mo\u017enosti analyzov\u00e1n\u00ed pevnost\u00ed a optimalizace pomoc\u00ed metody kone\u010dn\u00fdch prvk\u016f \u2013\u00a0<strong>PTC \u2013 Pro \/ ENGINEER, Pro \/ Mechanica, Autocad.<\/strong>[\/vc_column_text][vc_empty_space height=&#8220;60&#8243;][\/vc_column_inner][vc_column_inner width=&#8220;3\/4&#8243;][vc_gallery interval=&#8220;3&#8243; images=&#8220;24732,24727,24722,24717,24712,24707&#8243; img_size=&#8220;full&#8220;][\/vc_column_inner][\/vc_row_inner][\/vc_column][\/vc_row][vc_row css_animation=&#8220;&#8220; row_type=&#8220;row&#8220; use_row_as_full_screen_section=&#8220;no&#8220; type=&#8220;full_width&#8220; angled_section=&#8220;no&#8220; text_align=&#8220;left&#8220; background_image_as_pattern=&#8220;without_pattern&#8220;][vc_column width=&#8220;1\/4&#8243; offset=&#8220;vc_hidden-md vc_hidden-sm vc_hidden-xs&#8220;][vc_empty_space height=&#8220;150px&#8220;][\/vc_column][vc_column width=&#8220;1\/4&#8243; offset=&#8220;vc_hidden-lg vc_hidden-sm vc_hidden-xs&#8220;][vc_empty_space height=&#8220;100px&#8220;][\/vc_column][vc_column width=&#8220;1\/4&#8243; offset=&#8220;vc_hidden-lg vc_hidden-md vc_hidden-xs&#8220;][vc_empty_space height=&#8220;100px&#8220;][\/vc_column][vc_column width=&#8220;1\/4&#8243; offset=&#8220;vc_hidden-lg vc_hidden-md vc_hidden-sm&#8220;][vc_empty_space height=&#8220;50px&#8220;][\/vc_column][\/vc_row][vc_row css_animation=&#8220;&#8220; row_type=&#8220;row&#8220; use_row_as_full_screen_section=&#8220;no&#8220; type=&#8220;grid&#8220; angled_section=&#8220;no&#8220; text_align=&#8220;left&#8220; background_image_as_pattern=&#8220;without_pattern&#8220; z_index=&#8220;&#8220;][vc_column width=&#8220;2\/3&#8243;][vc_column_text]<\/p>\n<h3>Certifikace a partnerstv\u00ed<\/h3>\n<p>&nbsp;<\/p>\n<p>To, \u017ee na\u0161e produkty spl\u0148uj\u00ed nejvy\u0161\u0161\u00ed po\u017eadavky kvality, dokazuje skute\u010dnost, \u017ee jsme dr\u017eitelem certifik\u00e1tu kvality ISO 9001:2015, BOZP ISO 45001:2018, ENVIRONMENTU ISO 14001:2015 a od roku 2010 smluvn\u00edm partnerem na dod\u00e1vku n\u00e1staveb pro firmu VOLVO G\u00f6teborg pro regiony Evropa st\u0159ed a v\u00fdchod, d\u00e1le tak\u00e9 pro firmu MAN a Mercedes benz N\u011bmecko, kde jsme za\u0159azeni do kategorie smluvn\u00ed partne\u0159i v dod\u00e1vk\u00e1ch n\u00e1staveb.[\/vc_column_text][vc_empty_space height=&#8220;100&#8243;][\/vc_column][vc_column width=&#8220;1\/3&#8243;][\/vc_column][\/vc_row][vc_row css_animation=&#8220;&#8220; row_type=&#8220;row&#8220; use_row_as_full_screen_section=&#8220;no&#8220; type=&#8220;grid&#8220; angled_section=&#8220;no&#8220; text_align=&#8220;left&#8220; background_image_as_pattern=&#8220;without_pattern&#8220; z_index=&#8220;&#8220;][vc_column][vc_gallery type=&#8220;image_grid&#8220; images=&#8220;34603,40599,40603,40607&#8243; img_size=&#8220;600&#215;800&#8243; css_animation=&#8220;fadeIn&#8220; css=&#8220;&#8220; column_number=&#8220;4&#8243; grayscale=&#8220;no&#8220; images_space=&#8220;gallery_with_space&#8220;][vc_empty_space height=&#8220;60&#8243;][vc_gallery type=&#8220;image_grid&#8220; images=&#8220;39577,40595,24250,42680&#8243; img_size=&#8220;600&#215;800&#8243; css_animation=&#8220;fadeIn&#8220; css=&#8220;&#8220; column_number=&#8220;4&#8243; grayscale=&#8220;no&#8220; images_space=&#8220;gallery_with_space&#8220;][\/vc_column][\/vc_row][vc_row css_animation=&#8220;&#8220; row_type=&#8220;row&#8220; use_row_as_full_screen_section=&#8220;no&#8220; type=&#8220;full_width&#8220; angled_section=&#8220;no&#8220; text_align=&#8220;left&#8220; background_image_as_pattern=&#8220;without_pattern&#8220;][vc_column width=&#8220;1\/4&#8243; offset=&#8220;vc_hidden-md vc_hidden-sm vc_hidden-xs&#8220;][vc_empty_space height=&#8220;150px&#8220;][\/vc_column][vc_column width=&#8220;1\/4&#8243; offset=&#8220;vc_hidden-lg vc_hidden-sm vc_hidden-xs&#8220;][vc_empty_space height=&#8220;100px&#8220;][\/vc_column][vc_column width=&#8220;1\/4&#8243; offset=&#8220;vc_hidden-lg vc_hidden-md vc_hidden-xs&#8220;][vc_empty_space height=&#8220;100px&#8220;][\/vc_column][vc_column width=&#8220;1\/4&#8243; offset=&#8220;vc_hidden-lg vc_hidden-md vc_hidden-sm&#8220;][vc_empty_space height=&#8220;50px&#8220;][\/vc_column][\/vc_row][vc_row css_animation=&#8220;&#8220; row_type=&#8220;row&#8220; use_row_as_full_screen_section=&#8220;no&#8220; type=&#8220;grid&#8220; angled_section=&#8220;no&#8220; text_align=&#8220;left&#8220; background_image_as_pattern=&#8220;without_pattern&#8220; z_index=&#8220;&#8220;][vc_column][vc_column_text]<\/p>\n<h3>Kam vyv\u00e1\u017e\u00edme<\/h3>\n<p>[\/vc_column_text][\/vc_column][\/vc_row][vc_row css_animation=&#8220;&#8220; row_type=&#8220;row&#8220; use_row_as_full_screen_section=&#8220;no&#8220; type=&#8220;full_width&#8220; angled_section=&#8220;no&#8220; text_align=&#8220;left&#8220; background_image_as_pattern=&#8220;without_pattern&#8220;][vc_column width=&#8220;1\/4&#8243; offset=&#8220;vc_hidden-md vc_hidden-sm vc_hidden-xs&#8220;][vc_empty_space height=&#8220;150px&#8220;][\/vc_column][vc_column width=&#8220;1\/4&#8243; offset=&#8220;vc_hidden-lg vc_hidden-sm vc_hidden-xs&#8220;][vc_empty_space height=&#8220;100px&#8220;][\/vc_column][vc_column width=&#8220;1\/4&#8243; offset=&#8220;vc_hidden-lg vc_hidden-md vc_hidden-xs&#8220;][vc_empty_space height=&#8220;100px&#8220;][\/vc_column][vc_column width=&#8220;1\/4&#8243; offset=&#8220;vc_hidden-lg vc_hidden-md vc_hidden-sm&#8220;][vc_empty_space height=&#8220;50px&#8220;][\/vc_column][\/vc_row][vc_row css_animation=&#8220;&#8220; row_type=&#8220;row&#8220; use_row_as_full_screen_section=&#8220;no&#8220; type=&#8220;full_width&#8220; angled_section=&#8220;no&#8220; text_align=&#8220;left&#8220; background_image_as_pattern=&#8220;without_pattern&#8220; z_index=&#8220;&#8220;][vc_column][vc_single_image image=&#8220;40905&#8243; img_size=&#8220;full&#8220; css=&#8220;&#8220; qode_css_animation=&#8220;&#8220;][\/vc_column][\/vc_row][vc_row css_animation=&#8220;&#8220; row_type=&#8220;row&#8220; use_row_as_full_screen_section=&#8220;no&#8220; type=&#8220;full_width&#8220; angled_section=&#8220;no&#8220; text_align=&#8220;left&#8220; background_image_as_pattern=&#8220;without_pattern&#8220;][vc_column width=&#8220;1\/4&#8243; offset=&#8220;vc_hidden-md vc_hidden-sm vc_hidden-xs&#8220;][vc_empty_space height=&#8220;150px&#8220;][\/vc_column][vc_column width=&#8220;1\/4&#8243; offset=&#8220;vc_hidden-lg vc_hidden-sm vc_hidden-xs&#8220;][vc_empty_space height=&#8220;100px&#8220;][\/vc_column][vc_column width=&#8220;1\/4&#8243; offset=&#8220;vc_hidden-lg vc_hidden-md vc_hidden-xs&#8220;][vc_empty_space height=&#8220;100px&#8220;][\/vc_column][vc_column width=&#8220;1\/4&#8243; offset=&#8220;vc_hidden-lg vc_hidden-md vc_hidden-sm&#8220;][vc_empty_space height=&#8220;50px&#8220;][\/vc_column][\/vc_row]<\/p>\n<\/div>","protected":false},"excerpt":{"rendered":"<p>[vc_row css_animation=&#8220;&#8220; row_type=&#8220;row&#8220; use_row_as_full_screen_section=&#8220;no&#8220; type=&#8220;full_width&#8220; angled_section=&#8220;no&#8220; text_align=&#8220;left&#8220; background_image_as_pattern=&#8220;without_pattern&#8220;][vc_column width=&#8220;1\/4&#8243; offset=&#8220;vc_hidden-md vc_hidden-sm vc_hidden-xs&#8220;][vc_empty_space height=&#8220;150px&#8220;][\/vc_column][vc_column width=&#8220;1\/4&#8243; offset=&#8220;vc_hidden-lg vc_hidden-sm vc_hidden-xs&#8220;][vc_empty_space height=&#8220;100px&#8220;][\/vc_column][vc_column width=&#8220;1\/4&#8243; offset=&#8220;vc_hidden-lg vc_hidden-md vc_hidden-xs&#8220;][vc_empty_space height=&#8220;100px&#8220;][\/vc_column][vc_column width=&#8220;1\/4&#8243; offset=&#8220;vc_hidden-lg vc_hidden-md vc_hidden-sm&#8220;][vc_empty_space height=&#8220;50px&#8220;][\/vc_column][\/vc_row][vc_row css_animation=&#8220;&#8220; row_type=&#8220;row&#8220; use_row_as_full_screen_section=&#8220;no&#8220; type=&#8220;full_width&#8220; angled_section=&#8220;no&#8220; text_align=&#8220;left&#8220; background_image_as_pattern=&#8220;without_pattern&#8220;][vc_column][vc_row_inner row_type=&#8220;row&#8220; type=&#8220;grid&#8220; text_align=&#8220;left&#8220; css_animation=&#8220;&#8220;][vc_column_inner width=&#8220;1\/4&#8243;][vc_empty_space height=&#8220;60&#8243;][vc_column_text] Za\u010d\u00e1tky &nbsp; Spole\u010dnost VS-MONT&#8230;<\/p>\n","protected":false},"author":2,"featured_media":0,"parent":0,"menu_order":0,"comment_status":"closed","ping_status":"closed","template":"full_width.php","meta":{"footnotes":""},"class_list":["post-17254","page","type-page","status-publish","hentry"],"aioseo_notices":[],"_links":{"self":[{"href":"https:\/\/vsmont.sk\/cs\/wp-json\/wp\/v2\/pages\/17254","targetHints":{"allow":["GET"]}}],"collection":[{"href":"https:\/\/vsmont.sk\/cs\/wp-json\/wp\/v2\/pages"}],"about":[{"href":"https:\/\/vsmont.sk\/cs\/wp-json\/wp\/v2\/types\/page"}],"author":[{"embeddable":true,"href":"https:\/\/vsmont.sk\/cs\/wp-json\/wp\/v2\/users\/2"}],"replies":[{"embeddable":true,"href":"https:\/\/vsmont.sk\/cs\/wp-json\/wp\/v2\/comments?post=17254"}],"version-history":[{"count":51,"href":"https:\/\/vsmont.sk\/cs\/wp-json\/wp\/v2\/pages\/17254\/revisions"}],"predecessor-version":[{"id":42684,"href":"https:\/\/vsmont.sk\/cs\/wp-json\/wp\/v2\/pages\/17254\/revisions\/42684"}],"wp:attachment":[{"href":"https:\/\/vsmont.sk\/cs\/wp-json\/wp\/v2\/media?parent=17254"}],"curies":[{"name":"wp","href":"https:\/\/api.w.org\/{rel}","templated":true}]}}