{"id":24309,"date":"2019-10-08T14:29:10","date_gmt":"2019-10-08T12:29:10","guid":{"rendered":"https:\/\/vsmont.sk\/vseobecne-obchodne-podmienky-2\/"},"modified":"2022-04-06T08:17:11","modified_gmt":"2022-04-06T06:17:11","slug":"vseobecne-obchodne-podmienky","status":"publish","type":"page","link":"https:\/\/vsmont.sk\/cs\/vseobecne-obchodne-podmienky\/","title":{"rendered":"V\u0161eobecn\u00e9 obchodn\u00e9 podmienky"},"content":{"rendered":"<div class=\"wpb-content-wrapper\"><p>[vc_row css_animation=&#8220;&#8220; row_type=&#8220;row&#8220; use_row_as_full_screen_section=&#8220;no&#8220; type=&#8220;full_width&#8220; angled_section=&#8220;no&#8220; text_align=&#8220;left&#8220; background_image_as_pattern=&#8220;without_pattern&#8220; z_index=&#8220;&#8220;][vc_column width=&#8220;1\/3&#8243; offset=&#8220;vc_hidden-md vc_hidden-sm vc_hidden-xs&#8220;][vc_empty_space height=&#8220;200&#8243;][\/vc_column][vc_column width=&#8220;1\/3&#8243; offset=&#8220;vc_hidden-lg vc_hidden-xs&#8220;][vc_empty_space height=&#8220;50&#8243;][\/vc_column][vc_column width=&#8220;1\/3&#8243; offset=&#8220;vc_hidden-lg vc_hidden-md vc_hidden-sm&#8220;][vc_empty_space height=&#8220;50px&#8220;][\/vc_column][\/vc_row][vc_row css_animation=&#8220;&#8220; row_type=&#8220;row&#8220; use_row_as_full_screen_section=&#8220;no&#8220; type=&#8220;grid&#8220; angled_section=&#8220;no&#8220; text_align=&#8220;left&#8220; background_image_as_pattern=&#8220;without_pattern&#8220; z_index=&#8220;&#8220;][vc_column][vc_column_text]<\/p>\n<h1>V\u0161eobecn\u00e9 obchodn\u00e9 podmienky<\/h1>\n<p>[\/vc_column_text][\/vc_column][\/vc_row][vc_row css_animation=&#8220;&#8220; row_type=&#8220;row&#8220; use_row_as_full_screen_section=&#8220;no&#8220; type=&#8220;full_width&#8220; angled_section=&#8220;no&#8220; text_align=&#8220;left&#8220; background_image_as_pattern=&#8220;without_pattern&#8220; z_index=&#8220;&#8220;][vc_column width=&#8220;1\/3&#8243; offset=&#8220;vc_hidden-md vc_hidden-sm vc_hidden-xs&#8220;][vc_empty_space height=&#8220;100&#8243;][\/vc_column][vc_column width=&#8220;1\/3&#8243; offset=&#8220;vc_hidden-lg vc_hidden-xs&#8220;][vc_empty_space height=&#8220;75&#8243;][\/vc_column][vc_column width=&#8220;1\/3&#8243; offset=&#8220;vc_hidden-lg vc_hidden-md vc_hidden-sm&#8220;][vc_empty_space height=&#8220;50px&#8220;][\/vc_column][\/vc_row][vc_row css_animation=&#8220;&#8220; row_type=&#8220;row&#8220; use_row_as_full_screen_section=&#8220;no&#8220; type=&#8220;full_width&#8220; angled_section=&#8220;no&#8220; text_align=&#8220;left&#8220; background_image_as_pattern=&#8220;without_pattern&#8220;][vc_column][vc_row_inner row_type=&#8220;row&#8220; type=&#8220;grid&#8220; text_align=&#8220;left&#8220; css_animation=&#8220;&#8220;][vc_column_inner][vc_column_text]<\/p>\n<h4>1. \u00davodn\u00e9 ustanovenia a defin\u00edcia pojmov<\/h4>\n<p><strong>1.1.<\/strong> Tieto v\u0161eobecn\u00e9 obchodn\u00e9 podmienky (\u010falej len \u201eVOP\u201c) r\u00e1mcovo upravuj\u00fa pr\u00e1va a povinnosti vypl\u00fdvaj\u00face zmluvn\u00fdm stran\u00e1m z k\u00fapnej zmluvy alebo zo zmluvy o dielo (\u010falej len ako \u201ezmluva\u201c) uzatvorenej medzi kupuj\u00facim\/objedn\u00e1vate\u013eom (z\u00e1kazn\u00edk) a pred\u00e1vaj\u00facim\/zhotovite\u013eom, ktor\u00fdm je v\u017edy obchodn\u00e1 spolo\u010dnos\u0165 VS \u2013 MONT, s.r.o., so s\u00eddlom Lazy pod Makytou 1030, 020 55 Lazy pod Makytou, I\u010cO: 31 601 413, zap. v OR OS Tren\u010d\u00edn, odd.: Sro, vl. \u010d.: 2569\/R (\u010falej len ako \u201edod\u00e1vate\u013e\u201c).<\/p>\n<p><strong>1.2.<\/strong> Zmluvn\u00e9 strany sa dohodli na tom, \u017ee z\u00e1kazn\u00edk prij\u00edma tieto VOP v ich \u00faplnom znen\u00ed okamihom uzatvorenia zmluvy.<\/p>\n<p><strong>1.3.<\/strong> Tieto VOP sa bud\u00fa aplikova\u0165 na v\u0161etky vz\u0165ahy medzi z\u00e1kazn\u00edkom a dod\u00e1vate\u013eom, vzniknut\u00e9 uzatvoren\u00edm zmluvy.<\/p>\n<p><strong>1.4.<\/strong> VOP s\u00fa neoddelite\u013enou s\u00fa\u010das\u0165ou zmluvy. V pr\u00edpade, \u017ee zmluvn\u00e9 strany si v zmluve dohodn\u00fa niektor\u00fa oblas\u0165 upraven\u00fa VOP odli\u0161ne od VOP, bud\u00fa ustanovenia zmluvy uprednostnen\u00e9 pred VOP.<\/p>\n<p>&nbsp;<\/p>\n<h4><strong>2.<\/strong> Pr\u00e1va a povinnosti dod\u00e1vate\u013ea<\/h4>\n<p><strong>2.1. Dod\u00e1vate\u013e je povinn\u00fd:<\/strong><\/p>\n<ul>\n<li>doda\u0165 na z\u00e1klade zmluvy z\u00e1kazn\u00edkovi tovar alebo slu\u017ebu v dohodnutom mno\u017estve a v po\u017eadovanej kvalite, a to z\u00e1rove\u0148 v dohodnutom term\u00edne a za \u010fal\u0161\u00edch individu\u00e1lne dohodnut\u00fdch podmienok,<\/li>\n<li>odovzda\u0165 z\u00e1kazn\u00edkovi najnesk\u00f4r spolu s tovarom\/slu\u017ebou v p\u00edsomnej alebo elektronickej podobe v\u0161etky doklady potrebn\u00e9 na prevzatie a u\u017e\u00edvanie tovaru\/slu\u017eby a \u010fal\u0161ie doklady predp\u00edsan\u00e9 platn\u00fdmi pr\u00e1vnymi predpismi (n\u00e1vody z\u00e1ru\u010dn\u00fd list, dodac\u00ed list, da\u0148ov\u00fd doklad, at\u010f.)<\/li>\n<\/ul>\n<p><strong>2.2. Dod\u00e1vate\u013e m\u00e1 pr\u00e1vo<\/strong> na riadne a v\u010dasn\u00e9 zaplatenie k\u00fapnej ceny\/ceny diela od z\u00e1kazn\u00edka za dodan\u00fd tovar\/slu\u017ebu.<\/p>\n<p><strong>2.3.\u00a0 Dod\u00e1vate\u013e m\u00e1 pr\u00e1vo <\/strong>a\u00a0odberate\u013e potvrden\u00edm tejto ponuky akceptuje pr\u00e1vo dod\u00e1vate\u013ea jednostranne zv\u00fd\u0161i\u0165 cenu o mieru n\u00e1rastu ceny jednotliv\u00fdch materi\u00e1lov<\/p>\n<p>alebo komponentov zabudovan\u00fdch do diela.<\/p>\n<p>Tak\u00fdto n\u00e1rast ceny m\u00f4\u017ee vznikn\u00fa\u0165 kedyko\u013evek medzi zaslan\u00edm ponuky a\u00a0dodan\u00edm v\u00fdrobku.<\/p>\n<p>V\u00a0pr\u00edpade potreby je dod\u00e1vate\u013e pripraven\u00fd tento n\u00e1rast kedyko\u013evek objekt\u00edvne preuk\u00e1za\u0165.<\/p>\n<p>&nbsp;<\/p>\n<h4>3. Pr\u00e1va a povinnosti z\u00e1kazn\u00edka<\/h4>\n<p><strong>3.1. Z\u00e1kazn\u00edk je povinn\u00fd:<\/strong><\/p>\n<ul>\n<li>prevzia\u0165 zak\u00fapen\u00fd alebo objednan\u00fd tovar\/slu\u017ebu bezodkladne potom, \u010do mu dod\u00e1vate\u013e ozn\u00e1mi, \u017ee tovar\/slu\u017eba je pripraven\u00e1 na prevzatie,<\/li>\n<li>zaplati\u0165 dod\u00e1vate\u013eovi dohodnut\u00fa k\u00fapnu cenu\/cenu diela v dohodnutej lehote splatnosti,<\/li>\n<li>nepo\u0161kodzova\u0165 dobr\u00e9 meno a poves\u0165 dod\u00e1vate\u013ea,<\/li>\n<li>potvrdi\u0165 v dodacom liste prevzatie tovaru\/slu\u017eby svoj\u00edm podpisom alebo podpisom n\u00edm poverenej osoby a pe\u010diatkou, ak je t\u00e1 dostupn\u00e1.<\/li>\n<\/ul>\n<p><strong>3.2. Z\u00e1kazn\u00edk m\u00e1 pr\u00e1vo<\/strong> na dodanie tovaru\/slu\u017eby v mno\u017estve, kvalite, term\u00edne a mieste dohodnutom zmluvn\u00fdmi stranami v zmluve.<\/p>\n<p>&nbsp;<\/p>\n<h4>4. Dodacie a platobn\u00e9 podmienky<\/h4>\n<p><strong>4.1.<\/strong> Tovary\/slu\u017eby s\u00fa pon\u00fakan\u00e9 a pred\u00e1van\u00e9 dod\u00e1vate\u013eom prostredn\u00edctvom vystaven\u00fdch vzorov, katal\u00f3gov, typov\u00fdch listov, ponukov\u00fdch listov, inej dokument\u00e1cie a vzorkovn\u00edkov, pri\u010dom v\u0161etky z\u00e1kladn\u00e9 produkty dod\u00e1vate\u013ea s\u00fa dostupn\u00e9 na jeho webovej str\u00e1nke, ale najm\u00e4 s\u00fa osobne konzultovan\u00e9 priamo so z\u00e1kazn\u00edkom bezprostredne po tom, ako tento prejav\u00ed z\u00e1ujem o prezent\u00e1ciu produktov.<\/p>\n<p><strong>4.2.<\/strong> Zmluvn\u00e9 strany si dohodn\u00fa konkr\u00e9tny term\u00edn dodania individu\u00e1lne v zmluve, pr\u00edp. aspo\u0148 elektronickou po\u0161tou, a to v\u017edy na z\u00e1klade charakteru a mno\u017estva po\u017eadovan\u00e9ho tovaru\/slu\u017eby.<\/p>\n<p><strong>4.3.<\/strong> Z\u00e1kazn\u00edk je povinn\u00fd prevzia\u0165 tovar\/slu\u017ebu od dod\u00e1vate\u013ea v mieste, ktor\u00e9 je dohodnut\u00e9 v zmluve, ako miesto dodania tovaru\/slu\u017eby \u2013 spravidla je to s\u00eddlo dod\u00e1vate\u013ea, alebo adresa jeho v\u00fdrobnej prev\u00e1dzky.<\/p>\n<p><strong>4.4.<\/strong> Z\u00e1kazn\u00edk je povinn\u00fd vizu\u00e1lne skontrolova\u0165 tovar a pr\u00edpadne aj jeho obal okam\u017eite pri jeho preberan\u00ed od dod\u00e1vate\u013ea. V pr\u00edpade, \u017ee z\u00e1kazn\u00edk zist\u00ed ak\u00e9ko\u013evek vady tovaru alebo obalu tovaru, je povinn\u00fd t\u00fato skuto\u010dnos\u0165 okam\u017eite ozn\u00e1mi\u0165 dod\u00e1vate\u013eovi, sp\u00edsa\u0165 o tom z\u00e1znam a odovzda\u0165 ho dod\u00e1vate\u013eovi. Pokia\u013e z\u00e1kazn\u00edk nespln\u00ed svoje povinnosti pod\u013ea predch\u00e1dzaj\u00facej vety, pova\u017euje sa tovar za dodan\u00fd riadne a bez v\u00e1d a nedorobkov.<\/p>\n<p><strong>4.5.<\/strong> Sp\u00f4sob platby, \u010dasov\u00fd harmonogram \u00fahrady k\u00fapnej ceny\/ceny diela, ako aj ostatn\u00e9 platobn\u00e9 podmienky si dojednaj\u00fa zmluvn\u00e9 strany individu\u00e1lne v zmluve.<\/p>\n<p>&nbsp;<\/p>\n<h4>5. Nadobudnutie vlastn\u00edctva a prechod nebezpe\u010denstva vzniku \u0161kody na tovare<\/h4>\n<p><strong>5.1.<\/strong> V pr\u00edpade k\u00fapnej zmluvy nadob\u00fada z\u00e1kazn\u00edk vlastn\u00edcke pr\u00e1vo k tovaru a\u017e \u00fapln\u00fdm zaplaten\u00edm celej k\u00fapnej ceny za tovar.<\/p>\n<p><strong>5.2.<\/strong> Nebezpe\u010denstvo \u0161kody na tovare prech\u00e1dza na z\u00e1kazn\u00edka v \u010dase, ke\u010f prevezme tovar od dod\u00e1vate\u013ea, alebo ke\u010f tak neurob\u00ed v\u010das, tak v \u010dase ke\u010f mu dod\u00e1vate\u013e umo\u017en\u00ed naklada\u0165 s tovarom a z\u00e1kazn\u00edk tovar neprevezme.<\/p>\n<p>&nbsp;<\/p>\n<h4>6. N\u00e1roky z v\u00e1d tovaru, z\u00e1ruka, reklam\u00e1cia<\/h4>\n<p><strong>6.1.<\/strong> Dod\u00e1vate\u013e zodpoved\u00e1 za vady tovaru\/slu\u017eby, ktor\u00e9 s\u00fa zn\u00e1me pri prevzat\u00ed tovaru\/slu\u017eby z\u00e1kazn\u00edkom, resp. za tie, ktor\u00e9 sa vyskytn\u00fa po\u010das z\u00e1ru\u010dnej doby. Dod\u00e1vate\u013e zodpoved\u00e1 za akos\u0165, mno\u017estvo, druh, balenie, doklady potrebn\u00e9 na riadne u\u017e\u00edvanie tovaru\/slu\u017eby. Tovar mus\u00ed zodpoveda\u0165 z\u00e1v\u00e4zn\u00fdm technick\u00fdm norm\u00e1m, v\u00fdrobnej dokument\u00e1ci\u00ed, kvalite, resp. dohodnut\u00fdm podmienkam pod\u013ea zmluvy, a nesmie ma\u0165 pr\u00e1vne vady.<\/p>\n<p><strong>6.2.<\/strong> Pri tovare\/slu\u017ebe, ktor\u00e9 boli dodan\u00e9 za ni\u017e\u0161iu cenu (bola poskytnut\u00e1 z\u013eava z ceny) dod\u00e1vate\u013e nezodpoved\u00e1 za vadu, pre ktor\u00fa bola dojednan\u00e1 ni\u017e\u0161ia cena, resp. poskytnut\u00e1 z\u013eava.<\/p>\n<p><strong>6.3.<\/strong> Z\u00e1ru\u010dn\u00e1 doba na tovar\/slu\u017eby dod\u00e1vate\u013ea je: a) dvadsa\u0165\u0161tyri (24) mesiacov pre z\u00e1kazn\u00edkov z \u010dlensk\u00fdch \u0161t\u00e1tov EU a b) dvan\u00e1s\u0165 (12) mesiacov pre z\u00e1kazn\u00edkov z kraj\u00edn mimo EU, ak nie je v zmluve dohodnut\u00e9 inak, pri\u010dom za\u010d\u00edna plyn\u00fa\u0165 odo d\u0148a prevzatia tovaru\/slu\u017eby z\u00e1kazn\u00edkom, alebo odo d\u0148a nahl\u00e1senia pripravenosti tovaru ku prevzatiu za predpokladu, \u017ee si z\u00e1kazn\u00edk tovar v\u010das neodoberie.<\/p>\n<p><strong>6.4.<\/strong> Podrobnosti o postupe pri uplat\u0148ovan\u00ed n\u00e1rokov z v\u00e1d tovaru\/slu\u017eieb s\u00fa konkr\u00e9tne upraven\u00e9 v Reklama\u010dnom poriadku dod\u00e1vate\u013ea, ktor\u00fd tvor\u00ed pr\u00edlohu t\u00fdchto VOP a z\u00e1kazn\u00edk podpisom zmluvy potvrdzuje, \u017ee sa s t\u00fdmto poriadkom obozn\u00e1mil a s\u00fahlas\u00ed s n\u00edm.<\/p>\n<p>&nbsp;<\/p>\n<h4>7. Odst\u00fapenie od zmluvy<\/h4>\n<p><strong>7.1.<\/strong> Dod\u00e1vate\u013e je okrem pr\u00edpadov ustanoven\u00fdch v z\u00e1kone \u010d. 513\/1991 Z..z. v znen\u00ed neskor\u0161\u00edch predpisov (\u010falej len \u201eObchodn\u00fd z\u00e1konn\u00edk\u201c) opr\u00e1vnen\u00fd odst\u00fapi\u0165 od zmluvy aj ak:<\/p>\n<p>a) nastali d\u00f4vody, ktor\u00e9 mo\u017eno pova\u017eova\u0165 za okolnosti vy\u0161\u0161ej moci, pr\u00edp. ak bez zavinenia dod\u00e1vate\u013ea nastali in\u00e9 d\u00f4vody, pre ktor\u00e9 nemo\u017eno tovar\/slu\u017ebu doda\u0165 (nedostupnos\u0165 tovaru u dod\u00e1vate\u013ea vstupn\u00fdch surov\u00edn a materi\u00e1lov), alebo<\/p>\n<p>b) ak z\u00e1kazn\u00edk po\u010das realiz\u00e1cie v\u00fdroby tovaru alebo pr\u00edpravy slu\u017eby zmenil podstatn\u00fdm sp\u00f4sobom svoje zadanie a odmieta prevzia\u0165 p\u00f4vodne objednan\u00fd tovar\/slu\u017ebu.<\/p>\n<p><strong>7.2.<\/strong> Z\u00e1kazn\u00edk je okrem pr\u00edpadov ustanoven\u00fdch v z\u00e1kone \u010d. 513\/1991 Z..z. v znen\u00ed neskor\u0161\u00edch predpisov (\u010falej len \u201eObchodn\u00fd z\u00e1konn\u00edk\u201c) opr\u00e1vnen\u00fd odst\u00fapi\u0165 od zmluvy aj ak: a) dod\u00e1vate\u013e ozn\u00e1mi z\u00e1kazn\u00edkovi po uzatvoren\u00ed zmluvy nav\u00fd\u0161enie ceny tovaru\/slu\u017eby o viac ako 15%.<\/p>\n<p><strong>7.3.<\/strong> Odst\u00fapenie od zmluvy mus\u00ed by\u0165 uroben\u00e9 p\u00edsomnou formou a doru\u010den\u00e9 na kore\u0161ponden\u010dn\u00fa adresu druhej zmluvnej strany, pri\u010dom t\u00fdmto okamihom nadob\u00fada \u00fa\u010dinnos\u0165.<\/p>\n<p>&nbsp;<\/p>\n<h4>8. Z\u00e1vere\u010dn\u00e9 ustanovenia<\/h4>\n<p><strong>8.1.<\/strong> Dod\u00e1vate\u013e si vyhradzuje pr\u00e1vo na zmenu t\u00fdchto VOP. Povinnos\u0165 p\u00edsomn\u00e9ho ozn\u00e1menia zmeny v t\u00fdchto VOP je splnen\u00e1 umiestnen\u00edm ich aktu\u00e1lnej verzie na webovej str\u00e1nke dod\u00e1vate\u013ea.<\/p>\n<p><strong>8.2.<\/strong> Zmluvn\u00e9 strany sa dohodli, \u017ee za p\u00edsomn\u00fa komunik\u00e1ciu sa medzi nimi bude pova\u017eova\u0165 aj komunik\u00e1cia uskuto\u010dnen\u00e1 vo forme e-mailov\u00fdch spr\u00e1v.<\/p>\n<p><strong>8.3.<\/strong> Na vz\u0165ahy neupraven\u00e9 zmluvou a ani t\u00fdmito VOP sa vz\u0165ahuj\u00fa pr\u00edslu\u0161n\u00e9 ustanovenia Obchodn\u00e9ho z\u00e1konn\u00edka.<\/p>\n<p><strong>8.4.<\/strong> Tieto VOP nadob\u00fadaj\u00fa v\u0161eobecne \u00fa\u010dinnos\u0165 d\u0148om ich zverejnenia na webovej str\u00e1nke dod\u00e1vate\u013ea a \u00fa\u010dinnos\u0165 vo\u010di konkr\u00e9tnemu z\u00e1kazn\u00edkovi okamihom uzatvorenia zmluvy. Ak\u00e9ko\u013evek zmeny t\u00fdchto VOP nadobudn\u00fa \u00fa\u010dinnos\u0165 ich zverejnen\u00edm na webovej str\u00e1nke dod\u00e1vate\u013ea.<\/p>\n<p>&nbsp;<\/p>\n<p>V Lazoch pod Makytou, d\u0148a 01.04.2022[\/vc_column_text][\/vc_column_inner][\/vc_row_inner][\/vc_column][\/vc_row][vc_row css_animation=&#8220;&#8220; row_type=&#8220;row&#8220; use_row_as_full_screen_section=&#8220;no&#8220; type=&#8220;full_width&#8220; angled_section=&#8220;no&#8220; text_align=&#8220;left&#8220; background_image_as_pattern=&#8220;without_pattern&#8220; z_index=&#8220;&#8220;][vc_column width=&#8220;1\/3&#8243; offset=&#8220;vc_hidden-md vc_hidden-sm vc_hidden-xs&#8220;][vc_empty_space height=&#8220;100&#8243;][\/vc_column][vc_column width=&#8220;1\/3&#8243; offset=&#8220;vc_hidden-lg vc_hidden-xs&#8220;][vc_empty_space height=&#8220;75&#8243;][\/vc_column][vc_column width=&#8220;1\/3&#8243; offset=&#8220;vc_hidden-lg vc_hidden-md vc_hidden-sm&#8220;][vc_empty_space height=&#8220;50px&#8220;][\/vc_column][\/vc_row]<\/p>\n<\/div>","protected":false},"excerpt":{"rendered":"<p>[vc_row css_animation=&#8220;&#8220; row_type=&#8220;row&#8220; use_row_as_full_screen_section=&#8220;no&#8220; type=&#8220;full_width&#8220; angled_section=&#8220;no&#8220; text_align=&#8220;left&#8220; background_image_as_pattern=&#8220;without_pattern&#8220; z_index=&#8220;&#8220;][vc_column width=&#8220;1\/3&#8243; offset=&#8220;vc_hidden-md vc_hidden-sm vc_hidden-xs&#8220;][vc_empty_space height=&#8220;200&#8243;][\/vc_column][vc_column width=&#8220;1\/3&#8243; offset=&#8220;vc_hidden-lg vc_hidden-xs&#8220;][vc_empty_space height=&#8220;50&#8243;][\/vc_column][vc_column width=&#8220;1\/3&#8243; offset=&#8220;vc_hidden-lg vc_hidden-md vc_hidden-sm&#8220;][vc_empty_space height=&#8220;50px&#8220;][\/vc_column][\/vc_row][vc_row css_animation=&#8220;&#8220; row_type=&#8220;row&#8220; use_row_as_full_screen_section=&#8220;no&#8220; type=&#8220;grid&#8220; angled_section=&#8220;no&#8220; text_align=&#8220;left&#8220; background_image_as_pattern=&#8220;without_pattern&#8220; z_index=&#8220;&#8220;][vc_column][vc_column_text] V\u0161eobecn\u00e9 obchodn\u00e9 podmienky [\/vc_column_text][\/vc_column][\/vc_row][vc_row css_animation=&#8220;&#8220; row_type=&#8220;row&#8220; use_row_as_full_screen_section=&#8220;no&#8220; type=&#8220;full_width&#8220; angled_section=&#8220;no&#8220; text_align=&#8220;left&#8220; background_image_as_pattern=&#8220;without_pattern&#8220; z_index=&#8220;&#8220;][vc_column width=&#8220;1\/3&#8243; offset=&#8220;vc_hidden-md&#8230;<\/p>\n","protected":false},"author":1,"featured_media":0,"parent":0,"menu_order":0,"comment_status":"closed","ping_status":"closed","template":"full_width.php","meta":{"footnotes":""},"class_list":["post-24309","page","type-page","status-publish","hentry"],"aioseo_notices":[],"_links":{"self":[{"href":"https:\/\/vsmont.sk\/cs\/wp-json\/wp\/v2\/pages\/24309","targetHints":{"allow":["GET"]}}],"collection":[{"href":"https:\/\/vsmont.sk\/cs\/wp-json\/wp\/v2\/pages"}],"about":[{"href":"https:\/\/vsmont.sk\/cs\/wp-json\/wp\/v2\/types\/page"}],"author":[{"embeddable":true,"href":"https:\/\/vsmont.sk\/cs\/wp-json\/wp\/v2\/users\/1"}],"replies":[{"embeddable":true,"href":"https:\/\/vsmont.sk\/cs\/wp-json\/wp\/v2\/comments?post=24309"}],"version-history":[{"count":4,"href":"https:\/\/vsmont.sk\/cs\/wp-json\/wp\/v2\/pages\/24309\/revisions"}],"predecessor-version":[{"id":33817,"href":"https:\/\/vsmont.sk\/cs\/wp-json\/wp\/v2\/pages\/24309\/revisions\/33817"}],"wp:attachment":[{"href":"https:\/\/vsmont.sk\/cs\/wp-json\/wp\/v2\/media?parent=24309"}],"curies":[{"name":"wp","href":"https:\/\/api.w.org\/{rel}","templated":true}]}}