{"id":24327,"date":"2019-10-08T15:01:12","date_gmt":"2019-10-08T13:01:12","guid":{"rendered":"https:\/\/vsmont.sk\/vseobecne-zarucne-podmienky\/"},"modified":"2019-10-08T15:01:16","modified_gmt":"2019-10-08T13:01:16","slug":"vseobecne-zarucne-podmienky","status":"publish","type":"page","link":"https:\/\/vsmont.sk\/cs\/vseobecne-zarucne-podmienky\/","title":{"rendered":"V\u0161eobecn\u00e9 z\u00e1ru\u010dn\u00e9 podmienky"},"content":{"rendered":"<div class=\"wpb-content-wrapper\"><p>[vc_row css_animation=&#8220;&#8220; row_type=&#8220;row&#8220; use_row_as_full_screen_section=&#8220;no&#8220; type=&#8220;full_width&#8220; angled_section=&#8220;no&#8220; text_align=&#8220;left&#8220; background_image_as_pattern=&#8220;without_pattern&#8220; z_index=&#8220;&#8220;][vc_column width=&#8220;1\/3&#8243; offset=&#8220;vc_hidden-md vc_hidden-sm vc_hidden-xs&#8220;][vc_empty_space height=&#8220;200&#8243;][\/vc_column][vc_column width=&#8220;1\/3&#8243; offset=&#8220;vc_hidden-lg vc_hidden-xs&#8220;][vc_empty_space height=&#8220;50&#8243;][\/vc_column][vc_column width=&#8220;1\/3&#8243; offset=&#8220;vc_hidden-lg vc_hidden-md vc_hidden-sm&#8220;][vc_empty_space height=&#8220;50px&#8220;][\/vc_column][\/vc_row][vc_row css_animation=&#8220;&#8220; row_type=&#8220;row&#8220; use_row_as_full_screen_section=&#8220;no&#8220; type=&#8220;grid&#8220; angled_section=&#8220;no&#8220; text_align=&#8220;left&#8220; background_image_as_pattern=&#8220;without_pattern&#8220; z_index=&#8220;&#8220;][vc_column][vc_column_text]<\/p>\n<h1>V\u0161eobecn\u00e9 z\u00e1ru\u010dn\u00e9 podmienky<\/h1>\n<p>[\/vc_column_text][\/vc_column][\/vc_row][vc_row css_animation=&#8220;&#8220; row_type=&#8220;row&#8220; use_row_as_full_screen_section=&#8220;no&#8220; type=&#8220;full_width&#8220; angled_section=&#8220;no&#8220; text_align=&#8220;left&#8220; background_image_as_pattern=&#8220;without_pattern&#8220; z_index=&#8220;&#8220;][vc_column width=&#8220;1\/3&#8243; offset=&#8220;vc_hidden-md vc_hidden-sm vc_hidden-xs&#8220;][vc_empty_space height=&#8220;100&#8243;][\/vc_column][vc_column width=&#8220;1\/3&#8243; offset=&#8220;vc_hidden-lg vc_hidden-xs&#8220;][vc_empty_space height=&#8220;75&#8243;][\/vc_column][vc_column width=&#8220;1\/3&#8243; offset=&#8220;vc_hidden-lg vc_hidden-md vc_hidden-sm&#8220;][vc_empty_space height=&#8220;50px&#8220;][\/vc_column][\/vc_row][vc_row css_animation=&#8220;&#8220; row_type=&#8220;row&#8220; use_row_as_full_screen_section=&#8220;no&#8220; type=&#8220;full_width&#8220; angled_section=&#8220;no&#8220; text_align=&#8220;left&#8220; background_image_as_pattern=&#8220;without_pattern&#8220;][vc_column][vc_row_inner row_type=&#8220;row&#8220; type=&#8220;grid&#8220; text_align=&#8220;left&#8220; css_animation=&#8220;&#8220;][vc_column_inner][vc_column_text]1. Firma VS-MONT, s.r.o. Lazy pod Makytou poskytuje na svoje v\u00fdrobky z\u00e1ruku 24 mesiacov odo d\u0148a exped\u00edcie z\u00e1kazn\u00edkovi. Ka\u017ed\u00fa z\u00e1vadu, ktor\u00e1 je z\u00e1kazn\u00edkom pova\u017eovan\u00e1 za garan\u010dn\u00fd pr\u00edpad, je nutn\u00e9 ozn\u00e1mi\u0165 v\u00fdrobcovi (VS-MONT) a v\u00fdrobcom ods\u00fahlasi\u0165. Z\u00e1ruka na z\u00e1vady mus\u00ed by\u0165 v\u017edy v p\u00edsomnej podobe, uplatnen\u00e1 najmenej 14 dn\u00ed pred jej uplynut\u00edm. Prekro\u010denie tejto doby znamen\u00e1 z\u00e1rove\u0148 ukon\u010denie zodpovednosti VS-MONT za tieto produkty.<\/p>\n<p>&nbsp;<\/p>\n<p><strong>2. Firma VS-mont spol. s r.o. uzn\u00e1 pr\u00edpadn\u00e9 reklam\u00e1cie v priebehu 24 mesa\u010dnej z\u00e1ru\u010dnej doby len vtedy, ak boli splnen\u00e9 v\u0161etky podmienky uveden\u00e9 v Z\u00e1ru\u010dnom liste (kompletne vyplnen\u00fd a zaslan\u00fd do 30 dn\u00ed na adresu VS-mont s.r.o.) a v ur\u010denom term\u00edne preveden\u00e9 predp\u00edsan\u00e9 servisn\u00e9 pr\u00e1ce \u2013 povinn\u00e9 servisn\u00e9 prehliadky uveden\u00e9 v servisnej kn\u00ed\u017eke (v\u017edy s\u00fa\u010das\u0165ou dod\u00e1vky) . Ako doklad o ich preveden\u00ed plat\u00ed Servisn\u00e1 kni\u017eka, vyplnen\u00e1 servisn\u00fdm technikom firmy VS-mont spol. s r.o. alebo technikom ur\u010den\u00e9ho servisn\u00e9ho zast\u00fapenia.<\/strong><\/p>\n<p>&nbsp;<\/p>\n<p>3. Po prijat\u00ed z\u00e1ru\u010dnej zodpovednosti bud\u00fa z\u00e1vady v\u00fdrobku demon\u0161trovan\u00e9 a preuk\u00e1zan\u00e9 kupuj\u00facim, stranou VS-MONT odstr\u00e1nen\u00e9 alebo vymenen\u00e9, bez ak\u00fdchko\u013evek z\u00e1v\u00e4zkov. Chybn\u00e9 produkty alebo ich \u010dasti by mali by\u0165 uschovan\u00e9 pre mo\u017enos\u0165 in\u0161pekcie zo strany VS-MONT, alebo z d\u00f4vodu objedn\u00e1vky uskuto\u010dnen\u00e9 stranou VSMONT pre tretie strany, alebo v pr\u00edpade bezplatn\u00e9ho zaslania do firmy VS-MONT.<\/p>\n<p>&nbsp;<\/p>\n<p>4. V\u00fdmena chybn\u00fdch \u010dast\u00ed sa bude realizova\u0165 v\u00fdhradne a\u017e po obdr\u017ean\u00ed t\u00fdchto \u010dast\u00ed vykazuj\u00facich defekt. Vymenen\u00e1 s\u00fa\u010das\u0165 sa st\u00e1va majetkom VS-MONT. \u0160ped\u00edcia star\u00fdch a nov\u00fdch \u010dast\u00ed, vr\u00e1tane baln\u00e9ho bude \u00fa\u010dtovan\u00e1 kupuj\u00facemu. N\u00e1klady spojen\u00e9 s mont\u00e1\u017eou, cestovn\u00fdmi n\u00e1kladmi a ubytovan\u00edm rovnako tak ako s materi\u00e1lom nevyhnutn\u00fdm k mont\u00e1\u017ei, vr\u00e1tane oleja a tesnen\u00ed, bude taktie\u017e hradi\u0165 kupuj\u00faci.<\/p>\n<p>&nbsp;<\/p>\n<p>5. Produkty (alebo ich \u010dasti) dodan\u00e9 stranou VS-MONT a vyroben\u00e9 tret\u00edmi stranami, ktor\u00e9 vyk\u00e1zali nejak\u00fa chybu, spadaj\u00fa pod z\u00e1ru\u010dn\u00e9 podmienky v\u00fdrobcu tohto produktu a t\u00fdmito sa z\u00e1ruka pre tieto v\u00fdrobky bude na\u010falej riadi\u0165 aj vo vz\u0165ahu ku kupuj\u00facemu.<\/p>\n<p>&nbsp;<\/p>\n<p>6. Chyby sp\u00f4soben\u00e9 nepredv\u00eddate\u013en\u00fdmi vonkaj\u0161\u00edmi silami nespadaj\u00fa pod z\u00e1ru\u010dn\u00fa garanciu strany VS-MONT.<\/p>\n<p>&nbsp;<\/p>\n<p>7. Kupuj\u00faci je povinn\u00fd sa stara\u0165 o produkt s n\u00e1le\u017eitou starostlivos\u0165ou. Neprofesion\u00e1lne zaobch\u00e1dzanie rovnako tak ako aj nedostato\u010dn\u00e1 \u00fadr\u017eba v tom naj\u0161ir\u0161om zmysle zbavuje VS-MONT akejko\u013evek zodpovednosti za vzniknut\u00e9 pr\u00edpadn\u00e9 chyby. Taktie\u017e v momente, ke\u010f kupuj\u00faci s\u00e1m zasiahne do v\u00fdrobku, najm\u00e4 v r\u00e1mci opr\u00e1v alebo nejak\u00e9ho pozmenenia, z\u00e1ru\u010dn\u00e1 garancia VS-MONT zanik\u00e1.<\/p>\n<p>&nbsp;<\/p>\n<p>8. Z\u00e1ruka zanikne aj v pr\u00edpade, ke\u010f chyba bola sp\u00f4soben\u00e1 neodborn\u00fdm pou\u017e\u00edvan\u00edm veci, \u00fadr\u017eba nebola preveden\u00e1 pod\u013ea poskytnut\u00fdch in\u0161trukcii a n\u00e1lepiek, kedyko\u013evek boli po\u0161koden\u00e9 tesnenia a pr\u00edpoje ventilu alebo boli pou\u017eit\u00e9 nevhodn\u00e9 oleje, maziv\u00e1, alebo tlaky a prietoky boli pou\u017eit\u00e9 bez s\u00fahlasu VS-MONT, ke\u010f nie je mo\u017en\u00e9 zisti\u0165 pr\u00ed\u010dinu z\u00e1vady a kedyko\u013evek tieto maj\u00fa p\u00f4vod in\u00fd ako je chyba materi\u00e1lu alebo zapr\u00ed\u010dinenie zo strany VS-MONT. Mo\u017enos\u0165 uplatnenia z\u00e1ruky zanikne v pr\u00edpade, ak kupuj\u00faci nespln\u00ed ak\u00fako\u013evek zo svojich povinnost\u00ed.<\/p>\n<p>&nbsp;<\/p>\n<p>9. N\u00e1klady za pr\u00edpadn\u00fa z\u00e1sielku, ako aj eventu\u00e1lne dovozn\u00e9 cl\u00e1 a podobn\u00e9 n\u00e1klady id\u00fa na n\u00e1klady z\u00e1kazn\u00edka. N\u00e1klady spojen\u00e9 s \u010dasov\u00fdmi prestojmi vozidla nutn\u00fdmi na opravu firma VS-MONT na seba nepreber\u00e1.<\/p>\n<p>&nbsp;<\/p>\n<p>Platn\u00e9 od: 01.01.2012[\/vc_column_text][\/vc_column_inner][\/vc_row_inner][\/vc_column][\/vc_row][vc_row css_animation=&#8220;&#8220; row_type=&#8220;row&#8220; use_row_as_full_screen_section=&#8220;no&#8220; type=&#8220;full_width&#8220; angled_section=&#8220;no&#8220; text_align=&#8220;left&#8220; background_image_as_pattern=&#8220;without_pattern&#8220; z_index=&#8220;&#8220;][vc_column width=&#8220;1\/3&#8243; offset=&#8220;vc_hidden-md vc_hidden-sm vc_hidden-xs&#8220;][vc_empty_space height=&#8220;100&#8243;][\/vc_column][vc_column width=&#8220;1\/3&#8243; offset=&#8220;vc_hidden-lg vc_hidden-xs&#8220;][vc_empty_space height=&#8220;75&#8243;][\/vc_column][vc_column width=&#8220;1\/3&#8243; offset=&#8220;vc_hidden-lg vc_hidden-md vc_hidden-sm&#8220;][vc_empty_space height=&#8220;50px&#8220;][\/vc_column][\/vc_row]<\/p>\n<\/div>","protected":false},"excerpt":{"rendered":"<p>[vc_row css_animation=&#8220;&#8220; row_type=&#8220;row&#8220; use_row_as_full_screen_section=&#8220;no&#8220; type=&#8220;full_width&#8220; angled_section=&#8220;no&#8220; text_align=&#8220;left&#8220; background_image_as_pattern=&#8220;without_pattern&#8220; z_index=&#8220;&#8220;][vc_column width=&#8220;1\/3&#8243; offset=&#8220;vc_hidden-md vc_hidden-sm vc_hidden-xs&#8220;][vc_empty_space height=&#8220;200&#8243;][\/vc_column][vc_column width=&#8220;1\/3&#8243; offset=&#8220;vc_hidden-lg vc_hidden-xs&#8220;][vc_empty_space height=&#8220;50&#8243;][\/vc_column][vc_column width=&#8220;1\/3&#8243; offset=&#8220;vc_hidden-lg vc_hidden-md vc_hidden-sm&#8220;][vc_empty_space height=&#8220;50px&#8220;][\/vc_column][\/vc_row][vc_row css_animation=&#8220;&#8220; row_type=&#8220;row&#8220; use_row_as_full_screen_section=&#8220;no&#8220; type=&#8220;grid&#8220; angled_section=&#8220;no&#8220; text_align=&#8220;left&#8220; background_image_as_pattern=&#8220;without_pattern&#8220; z_index=&#8220;&#8220;][vc_column][vc_column_text] V\u0161eobecn\u00e9 z\u00e1ru\u010dn\u00e9 podmienky [\/vc_column_text][\/vc_column][\/vc_row][vc_row css_animation=&#8220;&#8220; row_type=&#8220;row&#8220; use_row_as_full_screen_section=&#8220;no&#8220; type=&#8220;full_width&#8220; angled_section=&#8220;no&#8220; text_align=&#8220;left&#8220; background_image_as_pattern=&#8220;without_pattern&#8220; z_index=&#8220;&#8220;][vc_column width=&#8220;1\/3&#8243; offset=&#8220;vc_hidden-md&#8230;<\/p>\n","protected":false},"author":1,"featured_media":0,"parent":0,"menu_order":0,"comment_status":"closed","ping_status":"closed","template":"full_width.php","meta":{"footnotes":""},"class_list":["post-24327","page","type-page","status-publish","hentry"],"aioseo_notices":[],"_links":{"self":[{"href":"https:\/\/vsmont.sk\/cs\/wp-json\/wp\/v2\/pages\/24327","targetHints":{"allow":["GET"]}}],"collection":[{"href":"https:\/\/vsmont.sk\/cs\/wp-json\/wp\/v2\/pages"}],"about":[{"href":"https:\/\/vsmont.sk\/cs\/wp-json\/wp\/v2\/types\/page"}],"author":[{"embeddable":true,"href":"https:\/\/vsmont.sk\/cs\/wp-json\/wp\/v2\/users\/1"}],"replies":[{"embeddable":true,"href":"https:\/\/vsmont.sk\/cs\/wp-json\/wp\/v2\/comments?post=24327"}],"version-history":[{"count":3,"href":"https:\/\/vsmont.sk\/cs\/wp-json\/wp\/v2\/pages\/24327\/revisions"}],"predecessor-version":[{"id":24330,"href":"https:\/\/vsmont.sk\/cs\/wp-json\/wp\/v2\/pages\/24327\/revisions\/24330"}],"wp:attachment":[{"href":"https:\/\/vsmont.sk\/cs\/wp-json\/wp\/v2\/media?parent=24327"}],"curies":[{"name":"wp","href":"https:\/\/api.w.org\/{rel}","templated":true}]}}