{"id":30181,"date":"2021-02-15T14:41:51","date_gmt":"2021-02-15T13:41:51","guid":{"rendered":"https:\/\/vsmont.sk\/eticky-kodex\/"},"modified":"2023-11-14T10:45:08","modified_gmt":"2023-11-14T09:45:08","slug":"eticky-kodex","status":"publish","type":"page","link":"https:\/\/vsmont.sk\/cs\/eticky-kodex\/","title":{"rendered":"Etick\u00fd kodex, environment\u00e1ln\u00ed politika"},"content":{"rendered":"<div class=\"wpb-content-wrapper\"><p>[vc_row css_animation=&#8220;&#8220; row_type=&#8220;row&#8220; use_row_as_full_screen_section=&#8220;no&#8220; type=&#8220;grid&#8220; angled_section=&#8220;no&#8220; text_align=&#8220;left&#8220; background_image_as_pattern=&#8220;without_pattern&#8220; z_index=&#8220;&#8220;][vc_column][vc_empty_space height=&#8220;150&#8243;][vc_column_text]<\/p>\n<h1>Etick\u00fd kodex<\/h1>\n<p>[\/vc_column_text][\/vc_column][\/vc_row][vc_row css_animation=&#8220;&#8220; row_type=&#8220;row&#8220; use_row_as_full_screen_section=&#8220;no&#8220; type=&#8220;grid&#8220; angled_section=&#8220;no&#8220; text_align=&#8220;left&#8220; background_image_as_pattern=&#8220;without_pattern&#8220; z_index=&#8220;&#8220;][vc_column][vc_empty_space height=&#8220;100&#8243;][vc_row_inner row_type=&#8220;row&#8220; type=&#8220;full_width&#8220; text_align=&#8220;center&#8220; css_animation=&#8220;&#8220;][vc_column_inner]\n\n\t<a href=\"\/wp-content\/uploads\/2023\/11\/Eticky-kodex-VS-MONT.pdf\" target=\"_self\" style=\"color: #ffffff;background-color: #00a345;font-size: 18px;font-weight: 500;margin: 0 auto\" class=\"qode-btn qode-btn-medium qode-btn-solid qode-btn-custom-hover-bg qode-btn-custom-hover-color qode-btn-icon qode-btn-icon-rotate\" data-hover-bg-color=\"#00953f\" data-hover-color=\"#ffffff\" >\n\t    <span class=\"qode-btn-text\">Etick\u00fd kodex PDF<\/span><span class=\"qode-button-v2-icon-holder\" style=\"border-color: rgba(0,0,0,0);background-color: #00953f\" ><span aria-hidden=\"true\" class=\"qode_icon_font_elegant icon_plus qode-button-v2-icon-holder-inner\" ><\/span><\/span>\t<\/a>\n\n[vc_empty_space height=&#8220;150&#8243;][\/vc_column_inner][\/vc_row_inner][\/vc_column][\/vc_row][vc_row css_animation=&#8220;&#8220; row_type=&#8220;row&#8220; use_row_as_full_screen_section=&#8220;no&#8220; type=&#8220;grid&#8220; angled_section=&#8220;no&#8220; text_align=&#8220;left&#8220; background_image_as_pattern=&#8220;without_pattern&#8220; z_index=&#8220;&#8220;][vc_column][vc_column_text]<\/p>\n<h1>Environment\u00e1ln\u00ed politika spole\u010dnosti<\/h1>\n<p>[\/vc_column_text][\/vc_column][\/vc_row][vc_row css_animation=&#8220;&#8220; row_type=&#8220;row&#8220; use_row_as_full_screen_section=&#8220;no&#8220; type=&#8220;grid&#8220; angled_section=&#8220;no&#8220; text_align=&#8220;left&#8220; background_image_as_pattern=&#8220;without_pattern&#8220; z_index=&#8220;&#8220;][vc_column][vc_empty_space height=&#8220;100&#8243;][vc_row_inner row_type=&#8220;row&#8220; type=&#8220;full_width&#8220; text_align=&#8220;center&#8220; css_animation=&#8220;&#8220;][vc_column_inner]\n\n\t<a href=\"\/wp-content\/uploads\/2023\/11\/Enviromentalna-politika-spolocnosti-1.pdf\" target=\"_self\" style=\"color: #ffffff;background-color: #00a345;font-size: 18px;font-weight: 500;margin: 0 auto\" class=\"qode-btn qode-btn-medium qode-btn-solid qode-btn-custom-hover-bg qode-btn-custom-hover-color qode-btn-icon qode-btn-icon-rotate\" data-hover-bg-color=\"#00953f\" data-hover-color=\"#ffffff\" >\n\t    <span class=\"qode-btn-text\">Environment\u00e1ln\u00ed politika PDF<\/span><span class=\"qode-button-v2-icon-holder\" style=\"border-color: rgba(0,0,0,0);background-color: #00953f\" ><span aria-hidden=\"true\" class=\"qode_icon_font_elegant icon_plus qode-button-v2-icon-holder-inner\" ><\/span><\/span>\t<\/a>\n\n[vc_empty_space height=&#8220;150&#8243;][\/vc_column_inner][\/vc_row_inner][\/vc_column][\/vc_row]<\/p>\n<\/div>","protected":false},"excerpt":{"rendered":"<p>[vc_row css_animation=&#8220;&#8220; row_type=&#8220;row&#8220; use_row_as_full_screen_section=&#8220;no&#8220; type=&#8220;grid&#8220; angled_section=&#8220;no&#8220; text_align=&#8220;left&#8220; background_image_as_pattern=&#8220;without_pattern&#8220; z_index=&#8220;&#8220;][vc_column][vc_empty_space height=&#8220;150&#8243;][vc_column_text] Etick\u00fd kodex [\/vc_column_text][\/vc_column][\/vc_row][vc_row css_animation=&#8220;&#8220; row_type=&#8220;row&#8220; use_row_as_full_screen_section=&#8220;no&#8220; type=&#8220;grid&#8220; angled_section=&#8220;no&#8220; text_align=&#8220;left&#8220; background_image_as_pattern=&#8220;without_pattern&#8220; z_index=&#8220;&#8220;][vc_column][vc_empty_space height=&#8220;100&#8243;][vc_row_inner row_type=&#8220;row&#8220; type=&#8220;full_width&#8220; text_align=&#8220;center&#8220; css_animation=&#8220;&#8220;][vc_column_inner][vc_empty_space height=&#8220;150&#8243;][\/vc_column_inner][\/vc_row_inner][\/vc_column][\/vc_row][vc_row css_animation=&#8220;&#8220; row_type=&#8220;row&#8220; use_row_as_full_screen_section=&#8220;no&#8220; type=&#8220;grid&#8220; angled_section=&#8220;no&#8220; text_align=&#8220;left&#8220; background_image_as_pattern=&#8220;without_pattern&#8220; z_index=&#8220;&#8220;][vc_column][vc_column_text] Environment\u00e1ln\u00ed politika spole\u010dnosti [\/vc_column_text][\/vc_column][\/vc_row][vc_row css_animation=&#8220;&#8220; row_type=&#8220;row&#8220; use_row_as_full_screen_section=&#8220;no&#8220; type=&#8220;grid&#8220; angled_section=&#8220;no&#8220; text_align=&#8220;left&#8220;&#8230;<\/p>\n","protected":false},"author":4,"featured_media":0,"parent":0,"menu_order":0,"comment_status":"closed","ping_status":"closed","template":"full_width.php","meta":{"footnotes":""},"class_list":["post-30181","page","type-page","status-publish","hentry"],"aioseo_notices":[],"_links":{"self":[{"href":"https:\/\/vsmont.sk\/cs\/wp-json\/wp\/v2\/pages\/30181","targetHints":{"allow":["GET"]}}],"collection":[{"href":"https:\/\/vsmont.sk\/cs\/wp-json\/wp\/v2\/pages"}],"about":[{"href":"https:\/\/vsmont.sk\/cs\/wp-json\/wp\/v2\/types\/page"}],"author":[{"embeddable":true,"href":"https:\/\/vsmont.sk\/cs\/wp-json\/wp\/v2\/users\/4"}],"replies":[{"embeddable":true,"href":"https:\/\/vsmont.sk\/cs\/wp-json\/wp\/v2\/comments?post=30181"}],"version-history":[{"count":15,"href":"https:\/\/vsmont.sk\/cs\/wp-json\/wp\/v2\/pages\/30181\/revisions"}],"predecessor-version":[{"id":38199,"href":"https:\/\/vsmont.sk\/cs\/wp-json\/wp\/v2\/pages\/30181\/revisions\/38199"}],"wp:attachment":[{"href":"https:\/\/vsmont.sk\/cs\/wp-json\/wp\/v2\/media?parent=30181"}],"curies":[{"name":"wp","href":"https:\/\/api.w.org\/{rel}","templated":true}]}}